{"id":715,"date":"2020-01-20T15:49:49","date_gmt":"2020-01-20T15:49:49","guid":{"rendered":"https:\/\/bridge309.qodeinteractive.com\/?page_id=9"},"modified":"2024-11-21T15:02:53","modified_gmt":"2024-11-21T14:02:53","slug":"about-2","status":"publish","type":"page","link":"https:\/\/fallesdesagunt.es\/es\/about-2\/","title":{"rendered":"About"},"content":{"rendered":"\t\t<div data-elementor-type=\"wp-page\" data-elementor-id=\"715\" class=\"elementor elementor-715\">\n\t\t\t\t\t\t<section class=\"elementor-section elementor-top-section elementor-element elementor-element-a909dec elementor-section-boxed elementor-section-height-default elementor-section-height-default parallax_section_no qode_elementor_container_no\" data-id=\"a909dec\" data-element_type=\"section\">\n\t\t\t\t\t\t<div class=\"elementor-container elementor-column-gap-default\">\n\t\t\t\t\t<div class=\"elementor-column elementor-col-100 elementor-top-column elementor-element elementor-element-dc4dfd6\" data-id=\"dc4dfd6\" data-element_type=\"column\">\n\t\t\t<div class=\"elementor-widget-wrap\">\n\t\t\t\t\t\t\t<\/div>\n\t\t<\/div>\n\t\t\t\t\t<\/div>\n\t\t<\/section>\n\t\t\t\t<section class=\"elementor-section elementor-top-section elementor-element elementor-element-44a648d elementor-section-boxed elementor-section-height-default elementor-section-height-default parallax_section_no qode_elementor_container_no\" data-id=\"44a648d\" data-element_type=\"section\">\n\t\t\t\t\t\t<div class=\"elementor-container elementor-column-gap-default\">\n\t\t\t\t\t<div class=\"elementor-column elementor-col-100 elementor-top-column elementor-element elementor-element-d50c178\" data-id=\"d50c178\" data-element_type=\"column\">\n\t\t\t<div class=\"elementor-widget-wrap elementor-element-populated\">\n\t\t\t\t\t\t<div class=\"elementor-element elementor-element-5239298 elementor-widget elementor-widget-text-editor\" data-id=\"5239298\" data-element_type=\"widget\" data-widget_type=\"text-editor.default\">\n\t\t\t\t<div class=\"elementor-widget-container\">\n\t\t\t\t\t\t\t<h1>Hola Fallero, fallera, persona af\u00edn al mundo fallero<\/h1>\t\t\t\t\t\t<\/div>\n\t\t\t\t<\/div>\n\t\t\t\t<div class=\"elementor-element elementor-element-61e29ec elementor-widget elementor-widget-text-editor\" data-id=\"61e29ec\" data-element_type=\"widget\" data-widget_type=\"text-editor.default\">\n\t\t\t\t<div class=\"elementor-widget-container\">\n\t\t\t\t\t\t\t<p class=\"MsoNormal\">Me presento como el sitio web de actualidad fallera de las\nfallas de Sagunto y del Camp de Morvedre, un lugar donde toda persona af\u00edn al\nmundo falleros podr\u00e1 conocer la actualidad de cada comisi\u00f3n.&nbsp;<o:p><\/o:p><\/p><p class=\"MsoNormal\">Fallesdesagunt.es se crea como una herramienta de\ncomunicaci\u00f3n donde cada comisi\u00f3n fallera podr\u00e1 publicar y dar vistosidad a\ntodas las noticias, actividades y art\u00edculos de inter\u00e9s que deseen publicar, de\nmanera aut\u00f3noma y autogestiona.&nbsp;<o:p><\/o:p><\/p><p class=\"MsoNormal\">Este sitio web no es ninguna p\u00e1gina oficial, no esta vincula\na ninguna comisi\u00f3n fallera ni junta local.<o:p><\/o:p><\/p><p class=\"MsoNormal\">\n\n\n\n\n\n<\/p><p class=\"MsoNormal\">Esperamos disfrut\u00e9is con los contenidos, actividades y art\u00edculos\nfalleros de las comisiones de Sagunt y el Camp de Morvedre y de la importancia de\nSagunto y sus fallas, declaradas como <b>Fiesta de Inter\u00e9s Tur\u00edstico Nacional.<\/b><o:p><\/o:p><\/p>\t\t\t\t\t\t<\/div>\n\t\t\t\t<\/div>\n\t\t\t\t<div class=\"elementor-element elementor-element-f62405d elementor-widget__width-auto elementor-widget elementor-widget-bridge_social_icons\" data-id=\"f62405d\" data-element_type=\"widget\" data-widget_type=\"bridge_social_icons.default\">\n\t\t\t\t<div class=\"elementor-widget-container\">\n\t\t\t<span class='q_social_icon_holder normal_social' ><a itemprop='url' href='https:\/\/www.tumblr.com\/' target='_blank'><span aria-hidden=\"true\" class=\"qode_icon_font_elegant social_tumblr  simple_social\" style=\"font-size: 12px;\" ><\/span><\/a><\/span>\t\t<\/div>\n\t\t\t\t<\/div>\n\t\t\t\t<div class=\"elementor-element elementor-element-e73ec4b elementor-widget__width-auto elementor-widget elementor-widget-bridge_social_icons\" data-id=\"e73ec4b\" data-element_type=\"widget\" data-widget_type=\"bridge_social_icons.default\">\n\t\t\t\t<div class=\"elementor-widget-container\">\n\t\t\t<span class='q_social_icon_holder normal_social' ><a itemprop='url' href='https:\/\/twitter.com\/QodeInteractive' target='_blank'><span aria-hidden=\"true\" class=\"qode_icon_font_elegant social_twitter  simple_social\" style=\"font-size: 12px;\" ><\/span><\/a><\/span>\t\t<\/div>\n\t\t\t\t<\/div>\n\t\t\t\t<div class=\"elementor-element elementor-element-e61f4b4 elementor-widget__width-auto elementor-widget elementor-widget-bridge_social_icons\" data-id=\"e61f4b4\" data-element_type=\"widget\" data-widget_type=\"bridge_social_icons.default\">\n\t\t\t\t<div class=\"elementor-widget-container\">\n\t\t\t<span class='q_social_icon_holder normal_social' ><a itemprop='url' href='https:\/\/www.instagram.com\/qodeinteractive\/' target='_blank'><span aria-hidden=\"true\" class=\"qode_icon_font_elegant social_instagram  simple_social\" style=\"font-size: 12px;\" ><\/span><\/a><\/span>\t\t<\/div>\n\t\t\t\t<\/div>\n\t\t\t\t\t<\/div>\n\t\t<\/div>\n\t\t\t\t\t<\/div>\n\t\t<\/section>\n\t\t\t\t<\/div>\n\t\t","protected":false},"excerpt":{"rendered":"<p>Hola Fallero, fallera, persona af\u00edn al mundo fallero Me presento como el sitio web de actualidad fallera de las fallas de Sagunto y del Camp de Morvedre, un lugar donde toda persona af\u00edn al mundo falleros podr\u00e1 conocer la actualidad de cada comisi\u00f3n.&nbsp; Fallesdesagunt.es se&#8230;<\/p>\n","protected":false},"author":1,"featured_media":0,"parent":0,"menu_order":0,"comment_status":"closed","ping_status":"closed","template":"","meta":{"content-type":"","footnotes":""},"class_list":["post-715","page","type-page","status-publish","hentry"],"jetpack_sharing_enabled":true,"_links":{"self":[{"href":"https:\/\/fallesdesagunt.es\/es\/wp-json\/wp\/v2\/pages\/715","targetHints":{"allow":["GET"]}}],"collection":[{"href":"https:\/\/fallesdesagunt.es\/es\/wp-json\/wp\/v2\/pages"}],"about":[{"href":"https:\/\/fallesdesagunt.es\/es\/wp-json\/wp\/v2\/types\/page"}],"author":[{"embeddable":true,"href":"https:\/\/fallesdesagunt.es\/es\/wp-json\/wp\/v2\/users\/1"}],"replies":[{"embeddable":true,"href":"https:\/\/fallesdesagunt.es\/es\/wp-json\/wp\/v2\/comments?post=715"}],"version-history":[{"count":4,"href":"https:\/\/fallesdesagunt.es\/es\/wp-json\/wp\/v2\/pages\/715\/revisions"}],"predecessor-version":[{"id":813,"href":"https:\/\/fallesdesagunt.es\/es\/wp-json\/wp\/v2\/pages\/715\/revisions\/813"}],"wp:attachment":[{"href":"https:\/\/fallesdesagunt.es\/es\/wp-json\/wp\/v2\/media?parent=715"}],"curies":[{"name":"wp","href":"https:\/\/api.w.org\/{rel}","templated":true}]}}